{"id":12,"date":"2023-08-28T14:24:00","date_gmt":"2023-08-28T14:24:00","guid":{"rendered":"https:\/\/ekotasche.com\/my-account\/"},"modified":"2023-08-28T14:24:00","modified_gmt":"2023-08-28T14:24:00","slug":"my-account","status":"publish","type":"page","link":"https:\/\/ekotasche.com\/?page_id=12","title":{"rendered":"My account"},"content":{"rendered":"<div class=\"woocommerce\">\t\t\t<link rel=\"stylesheet\" id=\"wd-woo-mod-login-form-css\" href=\"https:\/\/ekotasche.com\/wp-content\/themes\/woodmart\/css\/parts\/woo-mod-login-form.min.css?ver=7.4.3\" type=\"text\/css\" media=\"all\" \/> \t\t\t\t\t\t<link rel=\"stylesheet\" id=\"wd-woo-page-login-register-css\" href=\"https:\/\/ekotasche.com\/wp-content\/themes\/woodmart\/css\/parts\/woo-page-login-register.min.css?ver=7.4.3\" type=\"text\/css\" media=\"all\" \/> \t\t\t<div class=\"woocommerce-notices-wrapper\"><\/div>\n<div class=\"wd-registration-page wd-register-tabs\">\n\n\n<div class=\"row\" id=\"customer_login\">\n\n\t<div class=\"col-12 col-md-6 col-login\">\n\n\n\t\t<h2 class=\"wd-login-title\">Login<\/h2>\n\n\t\t\t\t\t<form method=\"post\" class=\"login woocommerce-form woocommerce-form-login\n\t\t\t\t\t\t\" action=\"https:\/\/ekotasche.com\/?page_id=12&#038;action=login\" \t\t\t>\n\n\t\t\t\t\n\t\t\t\t\n\t\t\t\t<p class=\"woocommerce-FormRow woocommerce-FormRow--wide form-row form-row-wide form-row-username\">\n\t\t\t\t\t<label for=\"username\">Username or email address&nbsp;<span class=\"required\">*<\/span><\/label>\n\t\t\t\t\t<input type=\"text\" class=\"woocommerce-Input woocommerce-Input--text input-text\" name=\"username\" id=\"username\" value=\"\" \/>\t\t\t\t<\/p>\n\t\t\t\t<p class=\"woocommerce-FormRow woocommerce-FormRow--wide form-row form-row-wide form-row-password\">\n\t\t\t\t\t<label for=\"password\">Password&nbsp;<span class=\"required\">*<\/span><\/label>\n\t\t\t\t\t<input class=\"woocommerce-Input woocommerce-Input--text input-text\" type=\"password\" name=\"password\" id=\"password\" autocomplete=\"current-password\" \/>\n\t\t\t\t<\/p>\n\n\t\t\t\t\n\t\t\t\t<p class=\"form-row\">\n\t\t\t\t\t<input type=\"hidden\" id=\"woocommerce-login-nonce\" name=\"woocommerce-login-nonce\" value=\"e9059a3e42\" \/><input type=\"hidden\" name=\"_wp_http_referer\" value=\"\/index.php?rest_route=%2Fwp%2Fv2%2Fpages%2F12\" \/>\t\t\t\t\t\t\t\t\t\t<button type=\"submit\" class=\"button woocommerce-button woocommerce-form-login__submit\" name=\"login\" value=\"Log in\">Log in<\/button>\n\t\t\t\t<\/p>\n\n\t\t\t\t<p class=\"login-form-footer\">\n\t\t\t\t\t<a href=\"https:\/\/ekotasche.com\/?page_id=12&#038;lost-password\" class=\"woocommerce-LostPassword lost_password\">Lost your password?<\/a>\n\t\t\t\t\t<label class=\"woocommerce-form__label woocommerce-form__label-for-checkbox woocommerce-form-login__rememberme\">\n\t\t\t\t\t\t<input class=\"woocommerce-form__input woocommerce-form__input-checkbox\" name=\"rememberme\" type=\"checkbox\" value=\"forever\" title=\"Remember me\" aria-label=\"Remember me\" \/> <span>Remember me<\/span>\n\t\t\t\t\t<\/label>\n\t\t\t\t<\/p>\n\n\t\t\t\t\n\t\t\t\t\t\t\t<\/form>\n\n\t\t\t\t\n\n\t<\/div>\n\n\t<div class=\"col-12 col-md-6 col-register\">\n\n\t\t<h2 class=\"wd-login-title\">Register<\/h2>\n\n\t\t<form method=\"post\" action=\"https:\/\/ekotasche.com\/?page_id=12&#038;action=register\" class=\"woocommerce-form woocommerce-form-register register\"  >\n\n\t\t\t\n\t\t\t\n\t\t\t<p class=\"woocommerce-FormRow woocommerce-FormRow--wide form-row form-row-wide\">\n\t\t\t\t<label for=\"reg_email\">Email address&nbsp;<span class=\"required\">*<\/span><\/label>\n\t\t\t\t<input type=\"email\" class=\"woocommerce-Input woocommerce-Input--text input-text\" name=\"email\" id=\"reg_email\" autocomplete=\"email\" value=\"\" \/>\n\t\t\t<\/p>\n\n\t\t\t\n\t\t\t\t<p>A link to set a new password will be sent to your email address.<\/p>\n\n\t\t\t\n\t\t\t<!-- Spam Trap -->\n\t\t\t<div style=\"left: -999em; position: absolute;\"><label for=\"trap\">Anti-spam<\/label><input type=\"text\" name=\"email_2\" id=\"trap\" tabindex=\"-1\" \/><\/div>\n\n\t\t\t<input type=\"hidden\" name=\"wc_order_attribution_source_type\" value=\"\" \/><input type=\"hidden\" name=\"wc_order_attribution_referrer\" value=\"\" \/><input type=\"hidden\" name=\"wc_order_attribution_utm_campaign\" value=\"\" \/><input type=\"hidden\" name=\"wc_order_attribution_utm_source\" value=\"\" \/><input type=\"hidden\" name=\"wc_order_attribution_utm_medium\" value=\"\" \/><input type=\"hidden\" name=\"wc_order_attribution_utm_content\" value=\"\" \/><input type=\"hidden\" name=\"wc_order_attribution_utm_id\" value=\"\" \/><input type=\"hidden\" name=\"wc_order_attribution_utm_term\" value=\"\" \/><input type=\"hidden\" name=\"wc_order_attribution_session_entry\" value=\"\" \/><input type=\"hidden\" name=\"wc_order_attribution_session_start_time\" value=\"\" \/><input type=\"hidden\" name=\"wc_order_attribution_session_pages\" value=\"\" \/><input type=\"hidden\" name=\"wc_order_attribution_session_count\" value=\"\" \/><input type=\"hidden\" name=\"wc_order_attribution_user_agent\" value=\"\" \/><div class=\"woocommerce-privacy-policy-text\"><p>Your personal data will be used to support your experience throughout this website, to manage access to your account, and for other purposes described in our <a href=\"https:\/\/ekotasche.com\/?page_id=3\" class=\"woocommerce-privacy-policy-link\" target=\"_blank\">privacy policy<\/a>.<\/p>\n<\/div>\t\t\t\n\t\t\t<p class=\"woocommerce-form-row form-row\">\n\t\t\t\t<input type=\"hidden\" id=\"_wpnonce\" name=\"_wpnonce\" value=\"64fd5902f3\" \/><input type=\"hidden\" name=\"_wp_http_referer\" value=\"\/index.php?rest_route=%2Fwp%2Fv2%2Fpages%2F12\" \/>\t\t\t\t<button type=\"submit\" class=\"woocommerce-Button button\" name=\"register\" value=\"Register\">Register<\/button>\n\t\t\t<\/p>\n\n\t\t\t\n\t\t<\/form>\n\n\t<\/div>\n\n\t\t\t<div class=\"col-12 col-md-6 col-register-text\">\n\n\t\t\t<p class=\"title wd-login-divider \"><span>Or<\/span><\/p>\n\n\t\t\t\n\t\t\t\t\t\t\t<h2 class=\"wd-login-title\">Register<\/h2>\n\t\t\t\n\t\t\t\n\t\t\t\t\t\t\t<div class=\"registration-info\">Wenn Sie sich auf dieser Website registrieren, k\u00f6nnen Sie Ihren Bestellstatus und Ihre Bestellhistorie abrufen. F\u00fcllen Sie einfach die unten stehenden Felder aus, und wir richten im Handumdrehen ein neues Konto f\u00fcr Sie ein. Wir fragen Sie nur nach Informationen, die notwendig sind, um den Kaufprozess schneller und einfacher zu gestalten.<\/div>\n\t\t\t\n\t\t\t\n\t\t\t<a href=\"#\" rel=\"nofollow noopener\" class=\"btn wd-switch-to-register\" data-login=\"Login\" data-login-title=\"Anmeldung\" data-reg-title=\"Register\" data-register=\"Register\">Register<\/a>\n\n\t\t<\/div>\n\t\t\n<\/div>\n\n<\/div>\n\n<\/div>\n","protected":false},"excerpt":{"rendered":"","protected":false},"author":1,"featured_media":0,"parent":0,"menu_order":0,"comment_status":"closed","ping_status":"closed","template":"","meta":{"_joinchat":[],"footnotes":""},"class_list":["post-12","page","type-page","status-publish","hentry"],"_links":{"self":[{"href":"https:\/\/ekotasche.com\/index.php?rest_route=\/wp\/v2\/pages\/12","targetHints":{"allow":["GET"]}}],"collection":[{"href":"https:\/\/ekotasche.com\/index.php?rest_route=\/wp\/v2\/pages"}],"about":[{"href":"https:\/\/ekotasche.com\/index.php?rest_route=\/wp\/v2\/types\/page"}],"author":[{"embeddable":true,"href":"https:\/\/ekotasche.com\/index.php?rest_route=\/wp\/v2\/users\/1"}],"replies":[{"embeddable":true,"href":"https:\/\/ekotasche.com\/index.php?rest_route=%2Fwp%2Fv2%2Fcomments&post=12"}],"version-history":[{"count":0,"href":"https:\/\/ekotasche.com\/index.php?rest_route=\/wp\/v2\/pages\/12\/revisions"}],"wp:attachment":[{"href":"https:\/\/ekotasche.com\/index.php?rest_route=%2Fwp%2Fv2%2Fmedia&parent=12"}],"curies":[{"name":"wp","href":"https:\/\/api.w.org\/{rel}","templated":true}]}}