{"id":17,"date":"2023-09-20T07:05:54","date_gmt":"2023-09-20T07:05:54","guid":{"rendered":"https:\/\/ekotasche.com\/?post_type=product&#038;p=17"},"modified":"2023-09-20T09:25:00","modified_gmt":"2023-09-20T09:25:00","slug":"tasche-aus-vliesstoff","status":"publish","type":"product","link":"https:\/\/ekotasche.com\/?product=tasche-aus-vliesstoff","title":{"rendered":"Tasche aus Vliesstoff"},"content":{"rendered":"<div class=\"col-12 mb-2\">\n<h2 class=\"h3 mt-0\">Beschreibung<\/h2>\n<\/div>\n<div class=\"col-12 col-lg-7\">\n<div class=\"d-block mb-2 pe-lg-2\">\n<div lang=\"de-x-mtfrom-en\">In\u00a0<strong>eine hohe Tasche aus Vliesstoff<\/strong>\u00a0passen viele Dinge. Es hat zwei Griffe, es passt perfekt in eine Handtasche. Dank mehrfacher Verwendung ist es umweltfreundlich und ersetzt zunehmend Plastikt\u00fcten. F\u00fcr Werbezwecke geeignet. Es ist nicht f\u00fcr schwere Eink\u00e4ufe gedacht.<\/div>\n<\/div>\n<div class=\"d-block my-2\">\n<ul class=\"ms-0\">\n<li>Ma\u00dfe:\u00a0<strong>35&#215;40 cm<\/strong><\/li>\n<li>L\u00e4nge des Henkels:\u00a0<strong>20 cm<\/strong><\/li>\n<li><strong>Zum Bedrucken geeignet (Pr\u00e4gedruck + Offsetdruck + Digitaldruck)<\/strong><\/li>\n<\/ul>\n<p>&nbsp;<\/p>\n<\/div>\n<\/div>\n<p>Unsere Einlegesackprodukte sind Vliesstoffe, d. h. nicht gewebte Stoffe, die in der Standardst\u00e4rke von 100 g verwendet werden und alle Exportma\u00dfnahmen erf\u00fcllen.<br \/>\nJe nach Verwendungszweck des gew\u00fcnschten Produkts werden Alternativen wie 65 gr, 80 gr, 100 gr, 120 gr dieses Stoffes verwendet und als Stoffbeutel hergestellt.<br \/>\nStofftaschen aus Vliesstoff haben alle klinischen Tests bestanden und sind umweltfreundlich und recycelbar. Sie sind nicht gesundheitssch\u00e4dlich und reagieren nicht bei Kontakt mit Lebensmitteln.<\/p>\n","protected":false},"excerpt":{"rendered":"<p>Beschreibung In\u00a0eine hohe Tasche aus Vliesstoff\u00a0passen viele Dinge. Es hat zwei Griffe, es passt perfekt in eine Handtasche. Dank mehrfacher<\/p>\n","protected":false},"featured_media":18,"comment_status":"open","ping_status":"closed","template":"","meta":{"_joinchat":[]},"product_cat":[58],"product_tag":[38,35,37,36,29,34,43,41,45,39,40,55,19,42,31,44,32,56,57,30,28,18,22,26,24,25,23,21,33,27,17,46,47,48,50,49,16,20,54,51,52,53],"class_list":{"0":"post-17","1":"product","2":"type-product","3":"status-publish","4":"has-post-thumbnail","6":"product_cat-non-woven-taschen-vliestaschen-bedrucken","7":"product_tag-bedruckte-einkaufstasche","8":"product_tag-bedruckte-einkaufstasche-aus-stoff","9":"product_tag-bedruckte-einkaufstasche-groshandel","10":"product_tag-bedruckte-einkaufstasche-preise","11":"product_tag-dicker-vliesstoff","12":"product_tag-einkaufstasche","13":"product_tag-einkaufstasche-aus-fasern","14":"product_tag-einkaufstasche-aus-stoff","15":"product_tag-einkaufstasche-fur-bauunternehmen","16":"product_tag-einkaufstasche-grosen","17":"product_tag-einkaufstasche-preise","18":"product_tag-einlage-tasche-hersteller","19":"product_tag-filztasche","20":"product_tag-genahte-einkaufstasche-einlage","21":"product_tag-genahter-vliesstoff-beutel","22":"product_tag-geschenk-einkaufstasche","23":"product_tag-grose-tragetasche","24":"product_tag-groshandel-einlage-tasche","25":"product_tag-gunstige-einlage-tasche-preise","26":"product_tag-mit-verstarkten-griffen","27":"product_tag-non-woven-material","28":"product_tag-non-woven-tasche","29":"product_tag-non-woven-tasche-material","30":"product_tag-non-woven-tasche-xxl","31":"product_tag-non-woven-taschen-gunstig","32":"product_tag-non-woven-taschen-mit-logo","33":"product_tag-non-woven-deutsch","34":"product_tag-non-woven-tasche-bedeutung","35":"product_tag-non-woven-tasche-bedrucken","36":"product_tag-non-woven-tasche-bedruckt","37":"product_tag-tasche-aus-vliesstoff","38":"product_tag-tragetasche-mit-griffen","39":"product_tag-vliesstofftasche","40":"product_tag-vliesstofftasche-genaht-einlage-tasche","41":"product_tag-vliesstofftasche-hersteller","42":"product_tag-vliesstofftasche-preise","43":"product_tag-vliestaschen-bedrucken","44":"product_tag-vliestaschen-pflanzen","45":"product_tag-werbeeinlage-tasche","46":"product_tag-werbetasche","47":"product_tag-werbetasche-preise","48":"product_tag-werbetasche-unternehmen","50":"first","51":"instock","52":"shipping-taxable","53":"product-type-external"},"_links":{"self":[{"href":"https:\/\/ekotasche.com\/index.php?rest_route=\/wp\/v2\/product\/17","targetHints":{"allow":["GET"]}}],"collection":[{"href":"https:\/\/ekotasche.com\/index.php?rest_route=\/wp\/v2\/product"}],"about":[{"href":"https:\/\/ekotasche.com\/index.php?rest_route=\/wp\/v2\/types\/product"}],"replies":[{"embeddable":true,"href":"https:\/\/ekotasche.com\/index.php?rest_route=%2Fwp%2Fv2%2Fcomments&post=17"}],"version-history":[{"count":0,"href":"https:\/\/ekotasche.com\/index.php?rest_route=\/wp\/v2\/product\/17\/revisions"}],"wp:featuredmedia":[{"embeddable":true,"href":"https:\/\/ekotasche.com\/index.php?rest_route=\/wp\/v2\/media\/18"}],"wp:attachment":[{"href":"https:\/\/ekotasche.com\/index.php?rest_route=%2Fwp%2Fv2%2Fmedia&parent=17"}],"wp:term":[{"taxonomy":"product_cat","embeddable":true,"href":"https:\/\/ekotasche.com\/index.php?rest_route=%2Fwp%2Fv2%2Fproduct_cat&post=17"},{"taxonomy":"product_tag","embeddable":true,"href":"https:\/\/ekotasche.com\/index.php?rest_route=%2Fwp%2Fv2%2Fproduct_tag&post=17"}],"curies":[{"name":"wp","href":"https:\/\/api.w.org\/{rel}","templated":true}]}}