{"id":34,"date":"2023-09-20T09:26:16","date_gmt":"2023-09-20T09:26:16","guid":{"rendered":"https:\/\/ekotasche.com\/?post_type=product&#038;p=34"},"modified":"2023-09-20T09:33:55","modified_gmt":"2023-09-20T09:33:55","slug":"tasche-aus-vliesstoff-3","status":"publish","type":"product","link":"https:\/\/ekotasche.com\/?product=tasche-aus-vliesstoff-3","title":{"rendered":"Tasche aus Vliesstoff"},"content":{"rendered":"<div class=\"col-12 mb-2\">\n<h2 class=\"h3 mt-0\">Beschreibung<\/h2>\n<\/div>\n<div class=\"col-12 col-lg-7\">\n<div class=\"d-block mb-2 pe-lg-2\">\n<div lang=\"de-x-mtfrom-en\">In\u00a0<strong>eine hohe Tasche aus Vliesstoff<\/strong>\u00a0passen viele Dinge. Es hat zwei Griffe, es passt perfekt in eine Handtasche. Dank mehrfacher Verwendung ist es umweltfreundlich und ersetzt zunehmend Plastikt\u00fcten. F\u00fcr Werbezwecke geeignet. Es ist nicht f\u00fcr schwere Eink\u00e4ufe gedacht.<\/div>\n<\/div>\n<div class=\"d-block my-2\">\n<ul class=\"ms-0\">\n<li>Ma\u00dfe: <strong>38 cm x 27 cm ,46 cm x 33 cm\u00a0<\/strong><\/li>\n<li>L\u00e4nge des Henkels:\u00a0<strong>15 cm<\/strong><\/li>\n<li><strong>Zum Bedrucken geeignet (Pr\u00e4gedruck + Offsetdruck + Digitaldruck)<\/strong><\/li>\n<\/ul>\n<p>&nbsp;<\/p>\n<\/div>\n<\/div>\n<p>Unsere Einlegesackprodukte sind Vliesstoffe, d. h. nicht gewebte Stoffe, die in der Standardst\u00e4rke von 100 g verwendet werden und alle Exportma\u00dfnahmen erf\u00fcllen.<br \/>\nJe nach Verwendungszweck des gew\u00fcnschten Produkts werden Alternativen wie 65 gr, 80 gr, 100 gr, 120 gr dieses Stoffes verwendet und als Stoffbeutel hergestellt.<br \/>\nStofftaschen aus Vliesstoff haben alle klinischen Tests bestanden und sind umweltfreundlich und recycelbar. Sie sind nicht gesundheitssch\u00e4dlich und reagieren nicht bei Kontakt mit Lebensmitteln.<\/p>\n<p>&nbsp;<\/p>\n<div class=\"service_details1__title\">\n<h2><\/h2>\n<h2>NONWOVEN TASCHE<\/h2>\n<\/div>\n<div class=\"content-text add-table-style add-ul-style\">\n<div class=\"img-wrapper float-md-right w-md-30 rounded shadow bg-white p-10 ml-md-4 mb-30\"><\/div>\n<p>Mit seiner recycelbaren Struktur bedienen wir unsere Kunden, die mit unseren strapazierf\u00e4higen Stoffen, die langlebig und naturschonend sind, Nonwoven-Taschen in gew\u00fcnschten Farben und Gewichten herstellen.<\/p>\n<p><strong>Vliesbeutel<\/strong><\/p>\n<p>Es handelt sich um ein technisches Textilprodukt, das f\u00fcr spezielle Anwendungen hergestellt wird und im Verh\u00e4ltnis zur Nutzungsdauer sehr geringe Kosten hat. Spunbond ist eine Art technisches Textilgewebe, das zu 100 % aus Polypropylen-Rohstoff besteht und im Gegensatz zu anderen Stoffproduktionen als Vlies und Vlies definiert ist.<\/p>\n<p>Diese Vliesstoffe werden in vielen Anwendungen verwendet. Wir k\u00f6nnen die wichtigsten Sektoren und Produkte auflisten, die sie wie folgt adressiert;<\/p>\n<ul class=\"custom_list\">\n<li>absorbierende Gesundheitsprodukte<\/li>\n<li>Landwirtschaftstextilien<\/li>\n<li>M\u00f6bel und Haushaltsprodukte<\/li>\n<li>Industrie \u2013 Gesundheitsprodukte<\/li>\n<li>Medizinprodukte<\/li>\n<li>Verpackung<\/li>\n<\/ul>\n<p><strong>Warum Vlies<\/strong><\/p>\n<ul class=\"custom_list\">\n<li>Hohe Festigkeit<\/li>\n<li>Best\u00e4ndig gegen \u00e4u\u00dfere Einfl\u00fcsse wie Schnee, Regen, Wind, Sonne, St\u00f6\u00dfe,<\/li>\n<li>Mehrfach verwendbar multiple<\/li>\n<li>Da mit Wasserlack bedruckte Produkte der Natur \u00fcberlassen werden, produzieren sie weder direkt noch indirekt giftige Giftstoffe.<\/li>\n<li>Antibakteriell<\/li>\n<li>Wasserdicht<\/li>\n<li>Saugf\u00e4hig<\/li>\n<li>Luftdurchl\u00e4ssig<\/li>\n<li>Inhaber des Lebensmittelkodex<\/li>\n<li>Ein Vliesbeutel hat eine Lebensdauer von 20 \u2013 100 Plastikbeuteln, je nach Bewusstseinszustand des Benutzers.<\/li>\n<\/ul>\n<\/div>\n","protected":false},"excerpt":{"rendered":"<p>Beschreibung In\u00a0eine hohe Tasche aus Vliesstoff\u00a0passen viele Dinge. Es hat zwei Griffe, es passt perfekt in eine Handtasche. Dank mehrfacher<\/p>\n","protected":false},"featured_media":35,"comment_status":"open","ping_status":"closed","template":"","meta":{"_joinchat":[]},"product_cat":[58],"product_tag":[38,35,37,36,29,34,43,41,45,39,40,61,55,19,42,31,44,32,56,57,30,28,18,22,26,24,25,23,21,33,27,62,63,17,64,46,47,48,50,49,16,60,20,66,54,65,51,52,53],"class_list":{"0":"post-34","1":"product","2":"type-product","3":"status-publish","4":"has-post-thumbnail","6":"product_cat-non-woven-taschen-vliestaschen-bedrucken","7":"product_tag-bedruckte-einkaufstasche","8":"product_tag-bedruckte-einkaufstasche-aus-stoff","9":"product_tag-bedruckte-einkaufstasche-groshandel","10":"product_tag-bedruckte-einkaufstasche-preise","11":"product_tag-dicker-vliesstoff","12":"product_tag-einkaufstasche","13":"product_tag-einkaufstasche-aus-fasern","14":"product_tag-einkaufstasche-aus-stoff","15":"product_tag-einkaufstasche-fur-bauunternehmen","16":"product_tag-einkaufstasche-grosen","17":"product_tag-einkaufstasche-preise","18":"product_tag-einkaufstaschen","19":"product_tag-einlage-tasche-hersteller","20":"product_tag-filztasche","21":"product_tag-genahte-einkaufstasche-einlage","22":"product_tag-genahter-vliesstoff-beutel","23":"product_tag-geschenk-einkaufstasche","24":"product_tag-grose-tragetasche","25":"product_tag-groshandel-einlage-tasche","26":"product_tag-gunstige-einlage-tasche-preise","27":"product_tag-mit-verstarkten-griffen","28":"product_tag-non-woven-material","29":"product_tag-non-woven-tasche","30":"product_tag-non-woven-tasche-material","31":"product_tag-non-woven-tasche-xxl","32":"product_tag-non-woven-taschen-gunstig","33":"product_tag-non-woven-taschen-mit-logo","34":"product_tag-non-woven-deutsch","35":"product_tag-non-woven-tasche-bedeutung","36":"product_tag-non-woven-tasche-bedrucken","37":"product_tag-non-woven-tasche-bedruckt","38":"product_tag-shopper","39":"product_tag-tasche","40":"product_tag-tasche-aus-vliesstoff","41":"product_tag-taschen","42":"product_tag-tragetasche-mit-griffen","43":"product_tag-vliesstofftasche","44":"product_tag-vliesstofftasche-genaht-einlage-tasche","45":"product_tag-vliesstofftasche-hersteller","46":"product_tag-vliesstofftasche-preise","47":"product_tag-vliestaschen-bedrucken","48":"product_tag-vliestaschen-mit-logo-bedrucken","49":"product_tag-vliestaschen-pflanzen","50":"product_tag-werbeartikel","51":"product_tag-werbeeinlage-tasche","52":"product_tag-werbemittel","53":"product_tag-werbetasche","54":"product_tag-werbetasche-preise","55":"product_tag-werbetasche-unternehmen","57":"first","58":"instock","59":"shipping-taxable","60":"product-type-external"},"_links":{"self":[{"href":"https:\/\/ekotasche.com\/index.php?rest_route=\/wp\/v2\/product\/34","targetHints":{"allow":["GET"]}}],"collection":[{"href":"https:\/\/ekotasche.com\/index.php?rest_route=\/wp\/v2\/product"}],"about":[{"href":"https:\/\/ekotasche.com\/index.php?rest_route=\/wp\/v2\/types\/product"}],"replies":[{"embeddable":true,"href":"https:\/\/ekotasche.com\/index.php?rest_route=%2Fwp%2Fv2%2Fcomments&post=34"}],"version-history":[{"count":0,"href":"https:\/\/ekotasche.com\/index.php?rest_route=\/wp\/v2\/product\/34\/revisions"}],"wp:featuredmedia":[{"embeddable":true,"href":"https:\/\/ekotasche.com\/index.php?rest_route=\/wp\/v2\/media\/35"}],"wp:attachment":[{"href":"https:\/\/ekotasche.com\/index.php?rest_route=%2Fwp%2Fv2%2Fmedia&parent=34"}],"wp:term":[{"taxonomy":"product_cat","embeddable":true,"href":"https:\/\/ekotasche.com\/index.php?rest_route=%2Fwp%2Fv2%2Fproduct_cat&post=34"},{"taxonomy":"product_tag","embeddable":true,"href":"https:\/\/ekotasche.com\/index.php?rest_route=%2Fwp%2Fv2%2Fproduct_tag&post=34"}],"curies":[{"name":"wp","href":"https:\/\/api.w.org\/{rel}","templated":true}]}}