{"id":66,"date":"2023-09-20T12:18:15","date_gmt":"2023-09-20T12:18:15","guid":{"rendered":"https:\/\/ekotasche.com\/?post_type=product&#038;p=66"},"modified":"2023-09-20T12:23:23","modified_gmt":"2023-09-20T12:23:23","slug":"non-woven-taschen-fur-baklava-fur-konditorei","status":"publish","type":"product","link":"https:\/\/ekotasche.com\/?product=non-woven-taschen-fur-baklava-fur-konditorei","title":{"rendered":"Non Woven Taschen f\u00fcr Baklava f\u00fcr  Konditorei"},"content":{"rendered":"<div class=\"col-12 mb-2\">\n<h2 class=\"h3 mt-0\">Beschreibung<\/h2>\n<p><strong>Non Woven Taschen f\u00fcr Baklava f\u00fcr Konditorei<\/strong><\/p>\n<p>Die NON WOVEN Bags mit stabilen Henkeln (inkl. Kreuznaht) und Seiten-\/Bodenfalte sind g\u00fcnstige Tragetaschen, die als Alternative zu Baumwolltaschen dienen. Diese Non-Woven Taschen sind in vielen Farben erh\u00e4ltlich. Diese Tragetasche ist sehr robust und stabil in PP-Qualit\u00e4t und zum Bedrucken.<\/p>\n<p>Die genannten Farb-Werte sind ca-Werte.<\/p>\n<p>Sonderanfertigungen bereits ab 1.000 St\u00fcck und einer Lieferzeit von ca. 2-3\u00a0Wochen m\u00f6glich.<\/p>\n<\/div>\n<div class=\"col-12 col-lg-7\">\n<div class=\"d-block my-2\">\n<ul class=\"ms-0\">\n<li>Ma\u00dfe: <span id=\"name_413\">30x30x23 cm<\/span><\/li>\n<li>Material:Non Woven Bags 100gr\/qm<\/li>\n<li>Seiten- und Bodenfalte<\/li>\n<li>L\u00e4nge des Henkels:langer Henkel\n<div class=\"col-12 col-lg-7\"><\/div>\n<\/li>\n<li><strong>Zum Bedrucken geeignet (Pr\u00e4gedruck + Offsetdruck + Digitaldruck)<\/strong><\/li>\n<\/ul>\n<p>&nbsp;<\/p>\n<p>&nbsp;<\/p>\n<p>&nbsp;<\/p>\n<\/div>\n<\/div>\n<p>Unsere Einlegesackprodukte sind Vliesstoffe, d. h. nicht gewebte Stoffe, die in der Standardst\u00e4rke von 100 g verwendet werden und alle Exportma\u00dfnahmen erf\u00fcllen.<br \/>\nJe nach Verwendungszweck des gew\u00fcnschten Produkts werden Alternativen wie 65 gr, 80 gr, 100 gr, 120 gr dieses Stoffes verwendet und als Stoffbeutel hergestellt.<br \/>\nStofftaschen aus Vliesstoff haben alle klinischen Tests bestanden und sind umweltfreundlich und recycelbar. Sie sind nicht gesundheitssch\u00e4dlich und reagieren nicht bei Kontakt mit Lebensmitteln.<\/p>\n<p>&nbsp;<\/p>\n<div class=\"service_details1__title\">\n<h2><\/h2>\n<h2>NONWOVEN TASCHE<\/h2>\n<\/div>\n<div class=\"content-text add-table-style add-ul-style\">\n<div class=\"img-wrapper float-md-right w-md-30 rounded shadow bg-white p-10 ml-md-4 mb-30\">\n<h3><\/h3>\n<div id=\"oms-lp\">\n<p>Non Woven Bags sind in der Gr\u00f6\u00dfe\u00a060 x 45 + 20 cm mit langem Henkeln und Seiten-\/Bodenfalte. Das Material ist 100 gr\/qm Polypropylen. Die Oberfl\u00e4che einer Non-Woven-Tragetasche ist samtartig und hat leichte Vertiefungen. Sie werden auch oft als Vliestasche bezeichnet. Durch das robuste PP-Material sind die Non Woven Taschen \u00e4u\u00dferst widerstandsf\u00e4hig und belastbar.<\/p>\n<\/div>\n<\/div>\n<p>Nonwoven Taschen sind nicht nur praktisch, sondern auch umweltfreundlich und \u00e4u\u00dferst vielseitig. Sie bieten eine nachhaltige Alternative zu Einwegplastikt\u00fcten und sind perfekt geeignet, um Ihre Eink\u00e4ufe zu erledigen, Ihre Unterlagen zu organisieren oder Ihr Logo und Ihre Botschaft zu verbreiten.<\/p>\n<p><strong>Warum Nonwoven Taschen?<\/strong><\/p>\n<ul>\n<li><strong>Umweltfreundlich:<\/strong> Nonwoven Taschen sind aus umweltfreundlichen Materialien hergestellt und zu 100% recycelbar. Wenn Sie umweltbewusste Entscheidungen treffen m\u00f6chten, sind Nonwoven Taschen die richtige Wahl.<\/li>\n<li><strong>Langlebig und strapazierf\u00e4hig:<\/strong> Diese Taschen sind robust und k\u00f6nnen schwere Lasten tragen. Sie sind darauf ausgelegt, Ihnen \u00fcber einen l\u00e4ngeren Zeitraum treue Dienste zu leisten.<\/li>\n<li><strong>Stilvolles Design:<\/strong> Nonwoven Taschen sind in verschiedenen Farben und Designs erh\u00e4ltlich. Egal, ob Sie sie f\u00fcr den t\u00e4glichen Gebrauch oder besondere Anl\u00e4sse ben\u00f6tigen, es gibt immer eine passende Option.<\/li>\n<li><strong>Anpassbarkeit:<\/strong> Nonwoven Taschen lassen sich leicht bedrucken oder personalisieren. Sie k\u00f6nnen Ihr Firmenlogo, Slogan oder kreative Designs hinzuf\u00fcgen, um Ihre Marke zu f\u00f6rdern oder besondere Botschaften zu verbreiten.<\/li>\n<li><strong>Vielseitige Nutzung:<\/strong> Ob beim Einkaufen, auf Messen und Veranstaltungen, in der Schule oder im B\u00fcro \u2013 Nonwoven Taschen sind \u00fcberall n\u00fctzlich.<\/li>\n<li><strong>Leicht und kompakt:<\/strong> Diese Taschen sind leicht und einfach zu lagern. Sie k\u00f6nnen sie \u00fcberallhin mitnehmen, ohne viel Platz einzunehmen.<\/li>\n<\/ul>\n<p>Nonwoven Taschen sind eine gro\u00dfartige M\u00f6glichkeit, Ihre Umweltauswirkungen zu reduzieren und gleichzeitig stilvoll und praktisch zu sein. Egal, ob Sie sie f\u00fcr den pers\u00f6nlichen Gebrauch oder f\u00fcr Ihr Unternehmen ben\u00f6tigen, sie sind eine Investition in eine nachhaltige Zukunft.<\/p>\n<p>Entdecken Sie unsere Auswahl an Nonwoven Taschen und personalisieren Sie sie nach Ihren W\u00fcnschen. Sie sind nicht nur ein praktisches Accessoire, sondern auch eine Aussage \u00fcber Ihr Engagement f\u00fcr die Umwelt und Ihr individuelles Stilbewusstsein.<\/p>\n<\/div>\n","protected":false},"excerpt":{"rendered":"<p>Beschreibung Non Woven Taschen f\u00fcr Baklava f\u00fcr Konditorei Die NON WOVEN Bags mit stabilen Henkeln (inkl. Kreuznaht) und Seiten-\/Bodenfalte sind<\/p>\n","protected":false},"featured_media":67,"comment_status":"open","ping_status":"closed","template":"","meta":{"_joinchat":[]},"product_cat":[58],"product_tag":[38,35,37,36,29,74,34,43,41,45,39,73,81,40,61,55,87,19,42,31,44,32,56,57,30,28,18,22,26,80,89,88,24,25,23,21,33,27,62,63,17,64,77,75,46,76,47,48,50,49,16,60,20,66,79,54,65,51,52,53,78],"class_list":{"0":"post-66","1":"product","2":"type-product","3":"status-publish","4":"has-post-thumbnail","6":"product_cat-non-woven-taschen-vliestaschen-bedrucken","7":"product_tag-bedruckte-einkaufstasche","8":"product_tag-bedruckte-einkaufstasche-aus-stoff","9":"product_tag-bedruckte-einkaufstasche-groshandel","10":"product_tag-bedruckte-einkaufstasche-preise","11":"product_tag-dicker-vliesstoff","12":"product_tag-einkaufsbeutel","13":"product_tag-einkaufstasche","14":"product_tag-einkaufstasche-aus-fasern","15":"product_tag-einkaufstasche-aus-stoff","16":"product_tag-einkaufstasche-fur-bauunternehmen","17":"product_tag-einkaufstasche-grosen","18":"product_tag-einkaufstasche-mit-kurzen-oder-langen-henkeln","19":"product_tag-einkaufstasche-mit-langen-henkeln-non-woven","20":"product_tag-einkaufstasche-preise","21":"product_tag-einkaufstaschen","22":"product_tag-einlage-tasche-hersteller","23":"product_tag-extra-grose-non-woven-taschen-boden-u-seitenfalte","24":"product_tag-filztasche","25":"product_tag-genahte-einkaufstasche-einlage","26":"product_tag-genahter-vliesstoff-beutel","27":"product_tag-geschenk-einkaufstasche","28":"product_tag-grose-tragetasche","29":"product_tag-groshandel-einlage-tasche","30":"product_tag-gunstige-einlage-tasche-preise","31":"product_tag-mit-verstarkten-griffen","32":"product_tag-non-woven-material","33":"product_tag-non-woven-tasche","34":"product_tag-non-woven-tasche-material","35":"product_tag-non-woven-tasche-xxl","36":"product_tag-non-woven-taschen","37":"product_tag-non-woven-taschen-fur-baklava","38":"product_tag-non-woven-taschen-fur-baklava-fur-konditorei","39":"product_tag-non-woven-taschen-gunstig","40":"product_tag-non-woven-taschen-mit-logo","41":"product_tag-non-woven-deutsch","42":"product_tag-non-woven-tasche-bedeutung","43":"product_tag-non-woven-tasche-bedrucken","44":"product_tag-non-woven-tasche-bedruckt","45":"product_tag-shopper","46":"product_tag-tasche","47":"product_tag-tasche-aus-vliesstoff","48":"product_tag-taschen","49":"product_tag-tragebeutel","50":"product_tag-tragetasche","51":"product_tag-tragetasche-mit-griffen","52":"product_tag-tragetaschen","53":"product_tag-vliesstofftasche","54":"product_tag-vliesstofftasche-genaht-einlage-tasche","55":"product_tag-vliesstofftasche-hersteller","56":"product_tag-vliesstofftasche-preise","57":"product_tag-vliestaschen-bedrucken","58":"product_tag-vliestaschen-mit-logo-bedrucken","59":"product_tag-vliestaschen-pflanzen","60":"product_tag-werbeartikel","61":"product_tag-werbebeutel","62":"product_tag-werbeeinlage-tasche","63":"product_tag-werbemittel","64":"product_tag-werbetasche","65":"product_tag-werbetasche-preise","66":"product_tag-werbetasche-unternehmen","67":"product_tag-werbetaschen","69":"first","70":"instock","71":"shipping-taxable","72":"product-type-external"},"_links":{"self":[{"href":"https:\/\/ekotasche.com\/index.php?rest_route=\/wp\/v2\/product\/66","targetHints":{"allow":["GET"]}}],"collection":[{"href":"https:\/\/ekotasche.com\/index.php?rest_route=\/wp\/v2\/product"}],"about":[{"href":"https:\/\/ekotasche.com\/index.php?rest_route=\/wp\/v2\/types\/product"}],"replies":[{"embeddable":true,"href":"https:\/\/ekotasche.com\/index.php?rest_route=%2Fwp%2Fv2%2Fcomments&post=66"}],"version-history":[{"count":0,"href":"https:\/\/ekotasche.com\/index.php?rest_route=\/wp\/v2\/product\/66\/revisions"}],"wp:featuredmedia":[{"embeddable":true,"href":"https:\/\/ekotasche.com\/index.php?rest_route=\/wp\/v2\/media\/67"}],"wp:attachment":[{"href":"https:\/\/ekotasche.com\/index.php?rest_route=%2Fwp%2Fv2%2Fmedia&parent=66"}],"wp:term":[{"taxonomy":"product_cat","embeddable":true,"href":"https:\/\/ekotasche.com\/index.php?rest_route=%2Fwp%2Fv2%2Fproduct_cat&post=66"},{"taxonomy":"product_tag","embeddable":true,"href":"https:\/\/ekotasche.com\/index.php?rest_route=%2Fwp%2Fv2%2Fproduct_tag&post=66"}],"curies":[{"name":"wp","href":"https:\/\/api.w.org\/{rel}","templated":true}]}}